{"id":106,"date":"2023-12-29T19:30:23","date_gmt":"2023-12-29T18:30:23","guid":{"rendered":"https:\/\/classys.hu\/?page_id=106"},"modified":"2025-11-12T14:13:14","modified_gmt":"2025-11-12T13:13:14","slug":"management","status":"publish","type":"page","link":"https:\/\/classys.hu\/en\/management\/","title":{"rendered":"Management"},"content":{"rendered":"<p class=\"has-text-align-left\"><img loading=\"lazy\" decoding=\"async\" width=\"150\" height=\"150\" class=\"wp-image-107\" style=\"width: 150px;\" src=\"http:\/\/classys.hu\/wp-content\/uploads\/2023\/12\/LaduverGyula_kep_v1.jpg\" alt=\"\" srcset=\"https:\/\/classys.hu\/wp-content\/uploads\/2023\/12\/LaduverGyula_kep_v1.jpg 200w, https:\/\/classys.hu\/wp-content\/uploads\/2023\/12\/LaduverGyula_kep_v1-150x150.jpg 150w, https:\/\/classys.hu\/wp-content\/uploads\/2023\/12\/LaduverGyula_kep_v1-12x12.jpg 12w\" sizes=\"auto, (max-width: 150px) 100vw, 150px\" \/>    <strong>Gyula Laduver, CEO \/ partner<\/strong><\/p>\n\n\n\n<p>With broad international service management experience in Telecommunications, Energy, and IT, he has demonstrated leadership and expertise across Europe and Asia.<\/p>\n\n\n\n<p>He has over two decades of management experience, including significant time in sales leadership and deep skills in Lean management and PMP Project Management.<\/p>\n\n\n\n<p><img loading=\"lazy\" decoding=\"async\" width=\"150\" height=\"150\" class=\"wp-image-108\" style=\"width: 150px;\" src=\"http:\/\/classys.hu\/wp-content\/uploads\/2023\/12\/ViziCsaba_kep_v1.jpg\" alt=\"\" srcset=\"https:\/\/classys.hu\/wp-content\/uploads\/2023\/12\/ViziCsaba_kep_v1.jpg 800w, https:\/\/classys.hu\/wp-content\/uploads\/2023\/12\/ViziCsaba_kep_v1-300x300.jpg 300w, https:\/\/classys.hu\/wp-content\/uploads\/2023\/12\/ViziCsaba_kep_v1-150x150.jpg 150w, https:\/\/classys.hu\/wp-content\/uploads\/2023\/12\/ViziCsaba_kep_v1-768x768.jpg 768w, https:\/\/classys.hu\/wp-content\/uploads\/2023\/12\/ViziCsaba_kep_v1-12x12.jpg 12w\" sizes=\"auto, (max-width: 150px) 100vw, 150px\" \/><strong>     Csaba Vizi,  CTO \/ partner<\/strong><\/p>\n\n\n\n<p>Graduated as IT engineer and has MBA degree. As member of the international PMI organisation gathered PMP and PSM certificate. He is licensed of the Hungarian Chamber of Engineers as independent technical expert (ME-HI, MV-HI licences).<\/p>\n\n\n\n<p>He has over more decades IT experience in multinational and local companies and held several position as project manager, CoE lead and CTO in telecommunication, public administration, bank, industrial and utility fields.<\/p>\n\n\n\n<p><\/p>","protected":false},"excerpt":{"rendered":"<p>Gyula Laduver, CEO \/ partner Sz\u00e9lesk\u00f6r\u0171 nemzetk\u00f6zi szolg\u00e1ltat\u00e1smenedzsment-tapasztalattal rendelkezik a t\u00e1vk\u00f6zl\u00e9s, az energia \u00e9s az informatika ter\u00fclet\u00e9n, \u00e9s bizony\u00edtotta vezet\u0151i k\u00e9pess\u00e9geit \u00e9s szak\u00e9rtelm\u00e9t Eur\u00f3p\u00e1ban \u00e9s \u00c1zsi\u00e1ban. T\u00f6bb mint h\u00fasz \u00e9ves vezet\u0151i tapasztalattal rendelkezik, bele\u00e9rtve jelent\u0151s id\u0151t az \u00e9rt\u00e9kes\u00edt\u00e9si vezet\u00e9sben, valamint m\u00e9ly szaktud\u00e1st a Lean menedzsment \u00e9s a PMP projektmenedzsment ter\u00e9n. Csaba Vizi, CTO \/ partner [&hellip;]<\/p>","protected":false},"author":1,"featured_media":0,"parent":0,"menu_order":0,"comment_status":"closed","ping_status":"closed","template":"","meta":{"footnotes":""},"class_list":["post-106","page","type-page","status-publish","hentry"],"_links":{"self":[{"href":"https:\/\/classys.hu\/en\/wp-json\/wp\/v2\/pages\/106","targetHints":{"allow":["GET"]}}],"collection":[{"href":"https:\/\/classys.hu\/en\/wp-json\/wp\/v2\/pages"}],"about":[{"href":"https:\/\/classys.hu\/en\/wp-json\/wp\/v2\/types\/page"}],"author":[{"embeddable":true,"href":"https:\/\/classys.hu\/en\/wp-json\/wp\/v2\/users\/1"}],"replies":[{"embeddable":true,"href":"https:\/\/classys.hu\/en\/wp-json\/wp\/v2\/comments?post=106"}],"version-history":[{"count":6,"href":"https:\/\/classys.hu\/en\/wp-json\/wp\/v2\/pages\/106\/revisions"}],"predecessor-version":[{"id":254,"href":"https:\/\/classys.hu\/en\/wp-json\/wp\/v2\/pages\/106\/revisions\/254"}],"wp:attachment":[{"href":"https:\/\/classys.hu\/en\/wp-json\/wp\/v2\/media?parent=106"}],"curies":[{"name":"wp","href":"https:\/\/api.w.org\/{rel}","templated":true}]}}