{"id":194,"date":"2025-11-12T12:02:42","date_gmt":"2025-11-12T11:02:42","guid":{"rendered":"https:\/\/classys.hu\/?page_id=194"},"modified":"2025-11-12T16:21:30","modified_gmt":"2025-11-12T15:21:30","slug":"quality-assurance","status":"publish","type":"page","link":"https:\/\/classys.hu\/en\/quality-assurance\/","title":{"rendered":"Quality Assurance"},"content":{"rendered":"<p>The possibilities and the risk must be seen in the continuously changing environment. Classys has been helping the companies to achieve their goals in a cost effective, efficient and measurable way.<\/p>\n\n\n\n<p>We identify a development project for the encountered problem, product idea, support its implementation, measure the results and the necessary corrections.<\/p>","protected":false},"excerpt":{"rendered":"<p>A lehet\u0151s\u00e9geket \u00e9s a kock\u00e1zatot a folyamatosan v\u00e1ltoz\u00f3 k\u00f6rnyezetben kell megl\u00e1tni. A Classys seg\u00edt a v\u00e1llalatoknak abban, hogy k\u00f6lts\u00e9ghat\u00e9konyan, hat\u00e9konyan \u00e9s m\u00e9rhet\u0151 m\u00f3don \u00e9rj\u00e9k el c\u00e9ljaikat. Az \u00e9szlelt probl\u00e9ma, term\u00e9k\u00f6tlet fejleszt\u00e9si projektj\u00e9t azonos\u00edtjuk, t\u00e1mogatjuk annak megval\u00f3s\u00edt\u00e1s\u00e1t, m\u00e9rj\u00fck az eredm\u00e9nyeket \u00e9s a sz\u00fcks\u00e9ges korrekci\u00f3kat.<\/p>","protected":false},"author":1,"featured_media":0,"parent":0,"menu_order":0,"comment_status":"closed","ping_status":"closed","template":"","meta":{"footnotes":""},"class_list":["post-194","page","type-page","status-publish","hentry"],"_links":{"self":[{"href":"https:\/\/classys.hu\/en\/wp-json\/wp\/v2\/pages\/194","targetHints":{"allow":["GET"]}}],"collection":[{"href":"https:\/\/classys.hu\/en\/wp-json\/wp\/v2\/pages"}],"about":[{"href":"https:\/\/classys.hu\/en\/wp-json\/wp\/v2\/types\/page"}],"author":[{"embeddable":true,"href":"https:\/\/classys.hu\/en\/wp-json\/wp\/v2\/users\/1"}],"replies":[{"embeddable":true,"href":"https:\/\/classys.hu\/en\/wp-json\/wp\/v2\/comments?post=194"}],"version-history":[{"count":3,"href":"https:\/\/classys.hu\/en\/wp-json\/wp\/v2\/pages\/194\/revisions"}],"predecessor-version":[{"id":302,"href":"https:\/\/classys.hu\/en\/wp-json\/wp\/v2\/pages\/194\/revisions\/302"}],"wp:attachment":[{"href":"https:\/\/classys.hu\/en\/wp-json\/wp\/v2\/media?parent=194"}],"curies":[{"name":"wp","href":"https:\/\/api.w.org\/{rel}","templated":true}]}}