{"id":197,"date":"2025-11-12T12:02:42","date_gmt":"2025-11-12T11:02:42","guid":{"rendered":"https:\/\/classys.hu\/?page_id=197"},"modified":"2025-11-13T14:54:07","modified_gmt":"2025-11-13T13:54:07","slug":"contacts","status":"publish","type":"page","link":"https:\/\/classys.hu\/en\/contacts\/","title":{"rendered":"Contacts"},"content":{"rendered":"<p>Address: 1138 Budapest, N\u00e9pf\u00fcrd\u0151 Street 22, Duna Tower Building B, 15th floor<\/p>\n\n\n\n<iframe src=\"https:\/\/www.google.com\/maps\/embed?pb=!1m18!1m12!1m3!1d2693.6741708912346!2d19.05704367546007!3d47.535206171183326!2m3!1f0!2f0!3f0!3m2!1i1024!2i768!4f13.1!3m3!1m2!1s0x4741dbe63879c2ab%3A0x233fad0a5ae2a5b4!2sDuna%20Tower!5e0!3m2!1shu!2shu!4v1763028682185!5m2!1shu!2shu\" width=\"600\" height=\"450\" style=\"border:0;\" allowfullscreen=\"\" loading=\"lazy\" referrerpolicy=\"no-referrer-when-downgrade\"><\/iframe>\n\n\n\n<figure class=\"wp-block-image size-large\"><img loading=\"lazy\" decoding=\"async\" width=\"1024\" height=\"463\" src=\"https:\/\/classys.hu\/wp-content\/uploads\/2025\/11\/01_dunatower-scaled-1-1024x463.webp\" alt=\"\" class=\"wp-image-394\" srcset=\"https:\/\/classys.hu\/wp-content\/uploads\/2025\/11\/01_dunatower-scaled-1-1024x463.webp 1024w, https:\/\/classys.hu\/wp-content\/uploads\/2025\/11\/01_dunatower-scaled-1-300x136.webp 300w, https:\/\/classys.hu\/wp-content\/uploads\/2025\/11\/01_dunatower-scaled-1-768x347.webp 768w, https:\/\/classys.hu\/wp-content\/uploads\/2025\/11\/01_dunatower-scaled-1-1536x695.webp 1536w, https:\/\/classys.hu\/wp-content\/uploads\/2025\/11\/01_dunatower-scaled-1-2048x926.webp 2048w, https:\/\/classys.hu\/wp-content\/uploads\/2025\/11\/01_dunatower-scaled-1-18x8.webp 18w\" sizes=\"auto, (max-width: 1024px) 100vw, 1024px\" \/><\/figure>\n\n\n\n<div class=\"wp-block-columns is-layout-flex wp-container-core-columns-is-layout-9d6595d7 wp-block-columns-is-layout-flex\">\n<div class=\"wp-block-column is-layout-flow wp-block-column-is-layout-flow\"><div class=\"wp-block-image\">\n<figure class=\"aligncenter size-large is-resized\"><img loading=\"lazy\" decoding=\"async\" width=\"768\" height=\"1024\" src=\"https:\/\/classys.hu\/wp-content\/uploads\/2025\/11\/IMG_20251113_1444242-768x1024.jpg\" alt=\"\" class=\"wp-image-400\" style=\"width:255px;height:auto\" srcset=\"https:\/\/classys.hu\/wp-content\/uploads\/2025\/11\/IMG_20251113_1444242-768x1024.jpg 768w, https:\/\/classys.hu\/wp-content\/uploads\/2025\/11\/IMG_20251113_1444242-225x300.jpg 225w, https:\/\/classys.hu\/wp-content\/uploads\/2025\/11\/IMG_20251113_1444242-1152x1536.jpg 1152w, https:\/\/classys.hu\/wp-content\/uploads\/2025\/11\/IMG_20251113_1444242-1536x2048.jpg 1536w, https:\/\/classys.hu\/wp-content\/uploads\/2025\/11\/IMG_20251113_1444242-9x12.jpg 9w, https:\/\/classys.hu\/wp-content\/uploads\/2025\/11\/IMG_20251113_1444242-scaled.jpg 1920w\" sizes=\"auto, (max-width: 768px) 100vw, 768px\" \/><\/figure>\n<\/div><\/div>\n\n\n\n<div class=\"wp-block-column is-layout-flow wp-block-column-is-layout-flow\"><div class=\"wp-block-image\">\n<figure class=\"aligncenter size-large is-resized\"><img loading=\"lazy\" decoding=\"async\" width=\"683\" height=\"1024\" src=\"https:\/\/classys.hu\/wp-content\/uploads\/2025\/11\/02_dunatower-scaled-1-683x1024.webp\" alt=\"\" class=\"wp-image-398\" style=\"width:231px;height:auto\" srcset=\"https:\/\/classys.hu\/wp-content\/uploads\/2025\/11\/02_dunatower-scaled-1-683x1024.webp 683w, https:\/\/classys.hu\/wp-content\/uploads\/2025\/11\/02_dunatower-scaled-1-200x300.webp 200w, https:\/\/classys.hu\/wp-content\/uploads\/2025\/11\/02_dunatower-scaled-1-768x1152.webp 768w, https:\/\/classys.hu\/wp-content\/uploads\/2025\/11\/02_dunatower-scaled-1-1024x1536.webp 1024w, https:\/\/classys.hu\/wp-content\/uploads\/2025\/11\/02_dunatower-scaled-1-1366x2048.webp 1366w, https:\/\/classys.hu\/wp-content\/uploads\/2025\/11\/02_dunatower-scaled-1-8x12.webp 8w, https:\/\/classys.hu\/wp-content\/uploads\/2025\/11\/02_dunatower-scaled-1.webp 1707w\" sizes=\"auto, (max-width: 683px) 100vw, 683px\" \/><\/figure>\n<\/div><\/div>\n<\/div>\n\n\n\n<p>Phone numbers:<\/p>\n\n\n\n<ul class=\"wp-block-list\">\n<li>+36 20 222 7348<\/li>\n\n\n\n<li>+36 30 927 9905<\/li>\n<\/ul>\n\n\n\n<p>Email address: info@classys.hu<\/p>\n\n\n\n<p><\/p>","protected":false},"excerpt":{"rendered":"<p>C\u00edm: 1138 Budapest, N\u00e9pf\u00fcrd\u0151 utca 22., Duna Tower B. \u00e9p\u00fclet. 15. emelet Telefonsz\u00e1mok: Email-c\u00edm: info@classys.hu<\/p>","protected":false},"author":1,"featured_media":0,"parent":0,"menu_order":0,"comment_status":"closed","ping_status":"closed","template":"","meta":{"footnotes":""},"class_list":["post-197","page","type-page","status-publish","hentry"],"_links":{"self":[{"href":"https:\/\/classys.hu\/en\/wp-json\/wp\/v2\/pages\/197","targetHints":{"allow":["GET"]}}],"collection":[{"href":"https:\/\/classys.hu\/en\/wp-json\/wp\/v2\/pages"}],"about":[{"href":"https:\/\/classys.hu\/en\/wp-json\/wp\/v2\/types\/page"}],"author":[{"embeddable":true,"href":"https:\/\/classys.hu\/en\/wp-json\/wp\/v2\/users\/1"}],"replies":[{"embeddable":true,"href":"https:\/\/classys.hu\/en\/wp-json\/wp\/v2\/comments?post=197"}],"version-history":[{"count":9,"href":"https:\/\/classys.hu\/en\/wp-json\/wp\/v2\/pages\/197\/revisions"}],"predecessor-version":[{"id":401,"href":"https:\/\/classys.hu\/en\/wp-json\/wp\/v2\/pages\/197\/revisions\/401"}],"wp:attachment":[{"href":"https:\/\/classys.hu\/en\/wp-json\/wp\/v2\/media?parent=197"}],"curies":[{"name":"wp","href":"https:\/\/api.w.org\/{rel}","templated":true}]}}