{"id":218,"date":"2025-11-12T12:23:47","date_gmt":"2025-11-12T11:23:47","guid":{"rendered":"https:\/\/classys.hu\/?page_id=218"},"modified":"2025-11-13T12:29:36","modified_gmt":"2025-11-13T11:29:36","slug":"energy-solutions","status":"publish","type":"page","link":"https:\/\/classys.hu\/en\/energy-solutions\/","title":{"rendered":"Energy tech"},"content":{"rendered":"<h1 class=\"wp-block-heading translation-block\"><strong>Energetikai <\/strong>megold\u00e1sok<\/h1>\n\n\n\n<p>Az&nbsp;<strong>Energy solutions<\/strong>&nbsp;integr\u00e1lt megk\u00f6zel\u00edt\u00e9ssel ny\u00fajt megold\u00e1sokat az energiaell\u00e1t\u00e1s, a m\u00e9r\u00e9si technol\u00f3gi\u00e1k \u00e9s az adatvez\u00e9relt energiagazd\u00e1lkod\u00e1s ter\u00fclet\u00e9n. \u00dczlet\u00e1gunk tev\u00e9kenys\u00e9ge n\u00e9gy f\u0151 pill\u00e9rre \u00e9p\u00fcl:<\/p>\n\n\n\n<ol class=\"wp-block-list\">\n<li class=\"translation-block\"><strong>Transformer and Network Infrastructure Solutions\n<\/strong><br>Classys is\u00a0<strong>the official Hungarian representative of Toshiba transformers<\/strong>,providing the highest quality, reliable network equipment for industrial, utility, and renewable energy applications. Toshiba technology ensures low-loss, long-lasting, and sustainable energy transmission systems.<\/li>\n\n\n\n<li class=\"translation-block\"><strong>Smart Measurement and Energy Management Systems<\/strong><br>With our smart metering (AMI) and <strong>MDMS\/HES<\/strong> data collection and processing systems, energy producers, distributors, and consumers gain access to real-time data, enabling energy-efficient operation and conscious consumption. The system can be integrated with existing SCADA and IoT infrastructures, thereby supporting a digitized network environment.<\/li>\n\n\n\n<li class=\"translation-block\"><strong>Energy Trading and Predictive Solutions \u2013 EnerTrade Platform\n<\/strong><br>Az\u00a0<strong>EnerTrade<\/strong>\u00a0eis an advanced energy trading and management application that analyzes consumption data, forecasts market trends, and optimizes energy procurement. The platform supports decision-making in the areas of energy prices, balancing energy, and carbon footprint reduction, contributing to companies\u2019 cost efficiency and sustainability goals.<\/li>\n\n\n\n<li class=\"translation-block\"><strong>Energy Efficiency Consulting and Project Implementation\n<\/strong><br>Our business unit\u2019s team of experts carries out comprehensive energy audits, return on investment calculations, and optimization projects, helping our clients achieve long-term reductions in energy consumption and costs.<\/li>\n<\/ol>\n\n\n\n<p>The Energy Division of Classys Solutions Plc. is a key player in modern, data-driven energy management, combining technological innovation and sustainability in the Hungarian and international energy markets.<\/p>","protected":false},"excerpt":{"rendered":"<p>Energetikai megold\u00e1sok Az&nbsp;Energetikai \u00fczlet\u00e1g&nbsp;integr\u00e1lt megk\u00f6zel\u00edt\u00e9ssel ny\u00fajt megold\u00e1sokat az energiaell\u00e1t\u00e1s, a m\u00e9r\u00e9si technol\u00f3gi\u00e1k \u00e9s az adatvez\u00e9relt energiagazd\u00e1lkod\u00e1s ter\u00fclet\u00e9n. \u00dczlet\u00e1gunk tev\u00e9kenys\u00e9ge n\u00e9gy f\u0151 pill\u00e9rre \u00e9p\u00fcl: A Classys Solutions Zrt. Energetikai \u00fczlet\u00e1ga a modern, adatvez\u00e9relt energiagazd\u00e1lkod\u00e1s kulcsszerepl\u0151je, mely a technol\u00f3giai innov\u00e1ci\u00f3t \u00e9s a fenntarthat\u00f3s\u00e1got egyes\u00edti a magyar \u00e9s nemzetk\u00f6zi energiapiacon.<\/p>","protected":false},"author":1,"featured_media":0,"parent":0,"menu_order":0,"comment_status":"closed","ping_status":"closed","template":"","meta":{"footnotes":""},"class_list":["post-218","page","type-page","status-publish","hentry"],"_links":{"self":[{"href":"https:\/\/classys.hu\/en\/wp-json\/wp\/v2\/pages\/218","targetHints":{"allow":["GET"]}}],"collection":[{"href":"https:\/\/classys.hu\/en\/wp-json\/wp\/v2\/pages"}],"about":[{"href":"https:\/\/classys.hu\/en\/wp-json\/wp\/v2\/types\/page"}],"author":[{"embeddable":true,"href":"https:\/\/classys.hu\/en\/wp-json\/wp\/v2\/users\/1"}],"replies":[{"embeddable":true,"href":"https:\/\/classys.hu\/en\/wp-json\/wp\/v2\/comments?post=218"}],"version-history":[{"count":11,"href":"https:\/\/classys.hu\/en\/wp-json\/wp\/v2\/pages\/218\/revisions"}],"predecessor-version":[{"id":375,"href":"https:\/\/classys.hu\/en\/wp-json\/wp\/v2\/pages\/218\/revisions\/375"}],"wp:attachment":[{"href":"https:\/\/classys.hu\/en\/wp-json\/wp\/v2\/media?parent=218"}],"curies":[{"name":"wp","href":"https:\/\/api.w.org\/{rel}","templated":true}]}}