{"id":88,"date":"2023-12-28T22:21:32","date_gmt":"2023-12-28T21:21:32","guid":{"rendered":"https:\/\/classys.hu\/?page_id=88"},"modified":"2025-11-12T15:48:41","modified_gmt":"2025-11-12T14:48:41","slug":"magunkrol","status":"publish","type":"page","link":"https:\/\/classys.hu\/en\/magunkrol\/","title":{"rendered":"Company profile"},"content":{"rendered":"<p class=\"translation-block\">In our work, our main goal is <strong>to understand the business objectives<\/strong> of our enterprise clients <strong>with our expert team<\/strong> and to introduce <strong>the technology and IT solutions<\/strong> they need to reach the next level of their development. In our projects, we build both <strong>on-premises and cloud-native software<\/strong> solutions and automate their lifecycle. Our aim is for our technological developments to generate measurable <strong>business value<\/strong>.<\/p>\n\n\n\n<p class=\"translation-block\">Our product portfolio includes <strong>industry solutions<\/strong> corresponding to certain elements of the corporate value creation chain, which can be <strong>modularly integrated<\/strong> into corporate processes.<\/p>\n\n\n\n<p class=\"translation-block\"><strong>In the field of technology<\/strong>, our <strong>competencies<\/strong> include mobile application development, lightweight Java frameworks, containerized technology, microservice architecture, UI\/UX\/Frontend, CI\/CD solutions, distributed integration platforms, API Gateway solutions, IT security, public cloud solutions, as well as the frameworks offered by AI platforms.<\/p>\n\n\n\n<p class=\"translation-block\">Classys Zrt. has extensive relationships with technology and manufacturing partners, representing Broadcom (VMware, Symantec, Automic), Clico, Arrow, Fortinet, and Yubikey devices and technologies, providing its clients with product rollout, integration, and support services.<\/p>","protected":false},"excerpt":{"rendered":"<p>Munk\u00e1nk sor\u00e1n f\u0151 c\u00e9lunk, hogy szak\u00e9rt\u0151i csapatunkkal meg\u00e9rts\u00fck nagyv\u00e1llalati \u00fcgyfeleink \u00fczleti c\u00e9ljait, \u00e9s bevezess\u00fck sz\u00e1mukra a fejl\u0151d\u00e9s\u00fck k\u00f6vetkez\u0151 szintj\u00e9nek el\u00e9r\u00e9s\u00e9hez sz\u00fcks\u00e9ges technol\u00f3gi\u00e1t \u00e9s informatikai megold\u00e1sokat. Projektjeinkben on-premise \u00e9s cloud-native szoftver megold\u00e1sokat \u00e9p\u00edt\u00fcnk, ezek \u00e9letciklus\u00e1t automatiz\u00e1ljuk. C\u00e9lunk, hogy a technol\u00f3giai fejleszt\u00e9sink m\u00e9rhet\u0151 \u00fczleti \u00e9rt\u00e9ket teremtsenek. Term\u00e9k portf\u00f3li\u00f3nkban megtal\u00e1lhat\u00f3ak a nagyv\u00e1llalati \u00e9rt\u00e9kteremt\u00e9si l\u00e1nc egyes elemeihez tartoz\u00f3&nbsp; ipar\u00e1gi [&hellip;]<\/p>","protected":false},"author":1,"featured_media":0,"parent":0,"menu_order":0,"comment_status":"closed","ping_status":"closed","template":"","meta":{"footnotes":""},"class_list":["post-88","page","type-page","status-publish","hentry"],"_links":{"self":[{"href":"https:\/\/classys.hu\/en\/wp-json\/wp\/v2\/pages\/88","targetHints":{"allow":["GET"]}}],"collection":[{"href":"https:\/\/classys.hu\/en\/wp-json\/wp\/v2\/pages"}],"about":[{"href":"https:\/\/classys.hu\/en\/wp-json\/wp\/v2\/types\/page"}],"author":[{"embeddable":true,"href":"https:\/\/classys.hu\/en\/wp-json\/wp\/v2\/users\/1"}],"replies":[{"embeddable":true,"href":"https:\/\/classys.hu\/en\/wp-json\/wp\/v2\/comments?post=88"}],"version-history":[{"count":7,"href":"https:\/\/classys.hu\/en\/wp-json\/wp\/v2\/pages\/88\/revisions"}],"predecessor-version":[{"id":291,"href":"https:\/\/classys.hu\/en\/wp-json\/wp\/v2\/pages\/88\/revisions\/291"}],"wp:attachment":[{"href":"https:\/\/classys.hu\/en\/wp-json\/wp\/v2\/media?parent=88"}],"curies":[{"name":"wp","href":"https:\/\/api.w.org\/{rel}","templated":true}]}}